{"id":77997,"date":"2024-09-06T19:20:26","date_gmt":"2024-09-07T01:20:26","guid":{"rendered":"https:\/\/docs.udlap.mx\/blackboard\/?page_id=77997"},"modified":"2025-03-10T13:01:11","modified_gmt":"2025-03-10T19:01:11","slug":"ayuda-de-blackboard-2","status":"publish","type":"page","link":"https:\/\/docs.udlap.mx\/blackboard\/","title":{"rendered":"Ayuda de Blackboard"},"content":{"rendered":"\n<p class=\"has-text-align-center\" style=\"font-size:clamp(0.929rem, 0.929rem + ((1vw - 0.2rem) * 0.785), 1.4rem);\">PLATAFORMA QUE COMPARTE CONTENIDOS PARA EL APRENDIZAJE Y MEJORA DE LA ADMINISTRACI\u00d3N DE LOS RECURSOS DE BLACKBOARD<\/p>\n\n\n\n<div style=\"height:50px\" aria-hidden=\"true\" class=\"wp-block-spacer\"><\/div>\n\n\n\n<div class=\"wp-block-cover alignfull has-parallax\" style=\"min-height:60vh;aspect-ratio:unset;\"><span aria-hidden=\"true\" class=\"wp-block-cover__background has-background-dim-40 has-background-dim\" style=\"background-color:#000000\"><\/span><div role=\"img\" aria-label=\"banner principal apoyo BB UDLAP\" class=\"wp-block-cover__image-background wp-image-77850 has-parallax\" style=\"background-position:50% 50%;background-image:url(https:\/\/docs.udlap.mx\/blackboard\/wp-content\/uploads\/sites\/2\/2024\/09\/apoyo-BB-UDLAP.jpg)\"><\/div><div class=\"wp-block-cover__inner-container is-layout-flow wp-block-cover-is-layout-flow\">\n<h2 class=\"wp-block-heading alignwide has-white-color has-text-color\" style=\"border-style:none;border-width:0px;margin-right:var(--wp--preset--spacing--40);margin-left:var(--wp--preset--spacing--40);font-size:clamp(27.894px, 1.743rem + ((1vw - 3.2px) * 2.094), 48px);line-height:1.2\"><strong>BB Ultra &#8211; Acad\u00e9micos<\/strong><\/h2>\n<\/div><\/div>\n\n\n\n<div style=\"height:50px\" aria-hidden=\"true\" class=\"wp-block-spacer\"><\/div>\n\n\n\n<div class=\"wp-block-query is-layout-flow wp-block-query-is-layout-flow\"><ul class=\"columns-2 wp-block-post-template is-layout-grid wp-container-core-post-template-is-layout-f12a65ed wp-block-post-template-is-layout-grid\"><li class=\"wp-block-post post-80277 post type-post status-publish format-standard hentry category-sin-categoria\">\n\n<div class=\"wp-block-group is-layout-flow wp-block-group-is-layout-flow\" style=\"padding-top:30px;padding-right:30px;padding-bottom:30px;padding-left:30px\"><h2 class=\"wp-block-post-title\"><a href=\"https:\/\/docs.udlap.mx\/blackboard\/uso-de-la-herramienta-annotate\/\" target=\"_self\" >Uso de la herramienta Annotate<\/a><\/h2>\n\n<div class=\"wp-block-post-excerpt\"><p class=\"wp-block-post-excerpt__excerpt\"><\/p><p class=\"wp-block-post-excerpt__more-text\"><a class=\"wp-block-post-excerpt__more-link\" href=\"https:\/\/docs.udlap.mx\/blackboard\/uso-de-la-herramienta-annotate\/\">Leer m\u00e1s<\/a><\/p><\/div><\/div>\n\n<\/li><li class=\"wp-block-post post-80275 post type-post status-publish format-standard hentry category-sin-categoria\">\n\n<div class=\"wp-block-group is-layout-flow wp-block-group-is-layout-flow\" style=\"padding-top:30px;padding-right:30px;padding-bottom:30px;padding-left:30px\"><h2 class=\"wp-block-post-title\"><a href=\"https:\/\/docs.udlap.mx\/blackboard\/acceso-a-blackboard\/\" target=\"_self\" >Acceso a Blackboard<\/a><\/h2>\n\n<div class=\"wp-block-post-excerpt\"><p class=\"wp-block-post-excerpt__excerpt\"><\/p><p class=\"wp-block-post-excerpt__more-text\"><a class=\"wp-block-post-excerpt__more-link\" href=\"https:\/\/docs.udlap.mx\/blackboard\/acceso-a-blackboard\/\">Leer m\u00e1s<\/a><\/p><\/div><\/div>\n\n<\/li><li class=\"wp-block-post post-80272 post type-post status-publish format-standard hentry category-creacion-de-contenido\">\n\n<div class=\"wp-block-group is-layout-flow wp-block-group-is-layout-flow\" style=\"padding-top:30px;padding-right:30px;padding-bottom:30px;padding-left:30px\"><h2 class=\"wp-block-post-title\"><a href=\"https:\/\/docs.udlap.mx\/blackboard\/debates-ia\/\" target=\"_self\" >Creaci\u00f3n de debates con IA<\/a><\/h2>\n\n<div class=\"wp-block-post-excerpt\"><p class=\"wp-block-post-excerpt__excerpt\"><\/p><p class=\"wp-block-post-excerpt__more-text\"><a class=\"wp-block-post-excerpt__more-link\" href=\"https:\/\/docs.udlap.mx\/blackboard\/debates-ia\/\">Leer m\u00e1s<\/a><\/p><\/div><\/div>\n\n<\/li><li class=\"wp-block-post post-80270 post type-post status-publish format-standard hentry category-examenes-3\">\n\n<div class=\"wp-block-group is-layout-flow wp-block-group-is-layout-flow\" style=\"padding-top:30px;padding-right:30px;padding-bottom:30px;padding-left:30px\"><h2 class=\"wp-block-post-title\"><a href=\"https:\/\/docs.udlap.mx\/blackboard\/preguntas-de-examen-con-ia\/\" target=\"_self\" >Preguntas de examen con IA<\/a><\/h2>\n\n<div class=\"wp-block-post-excerpt\"><p class=\"wp-block-post-excerpt__excerpt\"><\/p><p class=\"wp-block-post-excerpt__more-text\"><a class=\"wp-block-post-excerpt__more-link\" href=\"https:\/\/docs.udlap.mx\/blackboard\/preguntas-de-examen-con-ia\/\">Leer m\u00e1s<\/a><\/p><\/div><\/div>\n\n<\/li><li class=\"wp-block-post post-80268 post type-post status-publish format-standard hentry category-creacion-de-contenido\">\n\n<div class=\"wp-block-group is-layout-flow wp-block-group-is-layout-flow\" style=\"padding-top:30px;padding-right:30px;padding-bottom:30px;padding-left:30px\"><h2 class=\"wp-block-post-title\"><a href=\"https:\/\/docs.udlap.mx\/blackboard\/creacion-de-imagenes-con-ia\/\" target=\"_self\" >Creacio\u0301n de imagenes con IA<\/a><\/h2>\n\n<div class=\"wp-block-post-excerpt\"><p class=\"wp-block-post-excerpt__excerpt\"><\/p><p class=\"wp-block-post-excerpt__more-text\"><a class=\"wp-block-post-excerpt__more-link\" href=\"https:\/\/docs.udlap.mx\/blackboard\/creacion-de-imagenes-con-ia\/\">Leer m\u00e1s<\/a><\/p><\/div><\/div>\n\n<\/li><li class=\"wp-block-post post-80266 post type-post status-publish format-standard hentry category-creacion-de-contenido\">\n\n<div class=\"wp-block-group is-layout-flow wp-block-group-is-layout-flow\" style=\"padding-top:30px;padding-right:30px;padding-bottom:30px;padding-left:30px\"><h2 class=\"wp-block-post-title\"><a href=\"https:\/\/docs.udlap.mx\/blackboard\/puntuacion-de-accesibilidad-en-vivo\/\" target=\"_self\" >Puntuacio\u0301n de accesibilidad en vivo<\/a><\/h2>\n\n<div class=\"wp-block-post-excerpt\"><p class=\"wp-block-post-excerpt__excerpt\"><\/p><p class=\"wp-block-post-excerpt__more-text\"><a class=\"wp-block-post-excerpt__more-link\" href=\"https:\/\/docs.udlap.mx\/blackboard\/puntuacion-de-accesibilidad-en-vivo\/\">Leer m\u00e1s<\/a><\/p><\/div><\/div>\n\n<\/li><\/ul><\/div>\n\n\n\n<div style=\"height:40px\" aria-hidden=\"true\" class=\"wp-block-spacer\"><\/div>\n\n\n\n<hr class=\"wp-block-separator has-alpha-channel-opacity is-style-wide\" style=\"margin-top:var(--wp--preset--spacing--20);margin-bottom:var(--wp--preset--spacing--20)\"\/>\n\n\n\n<div style=\"height:30px\" aria-hidden=\"true\" class=\"wp-block-spacer\"><\/div>\n\n\n\n<a id=\"contacto\"><\/a>\n\n\n\n<h2 class=\"wp-block-heading\">Cont\u00e1ctanos<\/h2>\n\n\n\n<div style=\"height:30px\" aria-hidden=\"true\" class=\"wp-block-spacer\"><\/div>\n\n\n\n<h3 class=\"wp-block-heading has-text-color has-link-color wp-elements-2911e259674e29187959e7eb283bc834\" style=\"color:#ed7800\"><strong>Universidad de las Am\u00e9ricas Puebla<\/strong><\/h3>\n\n\n\n<h4 class=\"wp-block-heading has-contrast-color has-text-color has-link-color wp-elements-1cda5fede9096a5d4bb7a06d958c4935\"><strong>Tecnolog\u00edas de Educaci\u00f3n a Distancia<\/strong><\/h4>\n\n\n\n<div style=\"height:20px\" aria-hidden=\"true\" class=\"wp-block-spacer\"><\/div>\n\n\n\n<div class=\"wp-block-columns is-layout-flex wp-container-core-columns-is-layout-28f84493 wp-block-columns-is-layout-flex\">\n<div class=\"wp-block-column is-layout-flow wp-block-column-is-layout-flow\">\n<p>Oficina: IA-110<\/p>\n\n\n\n<p>Tel.: 222 229 000 ext 4061<\/p>\n\n\n\n<p>Email:&nbsp;<a href=\"mailto:tecnologias.eddgti@udlap.mx\" target=\"_blank\" rel=\"noreferrer noopener\">tecnologias.eddgti@udlap.mx<\/a><\/p>\n<\/div>\n<\/div>\n\n\n\n<div style=\"height:70px\" aria-hidden=\"true\" class=\"wp-block-spacer\"><\/div>\n","protected":false},"excerpt":{"rendered":"<p>PLATAFORMA QUE COMPARTE CONTENIDOS PARA EL APRENDIZAJE Y MEJORA DE LA ADMINISTRACI\u00d3N DE LOS RECURSOS DE BLACKBOARD Cont\u00e1ctanos Universidad de las Am\u00e9ricas Puebla Tecnolog\u00edas de Educaci\u00f3n a Distancia Oficina: IA-110 Tel.: 222 229 000 ext 4061 Email:&nbsp;tecnologias.eddgti@udlap.mx<\/p>\n","protected":false},"author":2,"featured_media":0,"parent":0,"menu_order":0,"comment_status":"closed","ping_status":"closed","template":"","meta":{"footnotes":""},"class_list":["post-77997","page","type-page","status-publish","hentry"],"yoast_head":"<!-- This site is optimized with the Yoast SEO plugin v26.6 - https:\/\/yoast.com\/wordpress\/plugins\/seo\/ -->\n<title>Ayuda de Blackboard - Ayuda de Blackboard<\/title>\n<meta name=\"description\" content=\"Te invitamos a conocer m\u00e1s sobre Blackboard Ultra como apoyo acad\u00e9mico a las actividades de los docentes de la UDLAP.\" \/>\n<meta name=\"robots\" content=\"index, follow, max-snippet:-1, max-image-preview:large, max-video-preview:-1\" \/>\n<link rel=\"canonical\" href=\"https:\/\/docs.udlap.mx\/blackboard\/\" \/>\n<meta property=\"og:locale\" content=\"es_MX\" \/>\n<meta property=\"og:type\" content=\"article\" \/>\n<meta property=\"og:title\" content=\"Ayuda de Blackboard - Ayuda de Blackboard\" \/>\n<meta property=\"og:description\" content=\"Te invitamos a conocer m\u00e1s sobre Blackboard Ultra como apoyo acad\u00e9mico a las actividades de los docentes de la UDLAP.\" \/>\n<meta property=\"og:url\" content=\"https:\/\/docs.udlap.mx\/blackboard\/\" \/>\n<meta property=\"og:site_name\" content=\"Ayuda de Blackboard\" \/>\n<meta property=\"article:modified_time\" content=\"2025-03-10T19:01:11+00:00\" \/>\n<meta property=\"og:image\" content=\"https:\/\/docs.udlap.mx\/blackboard\/wp-content\/uploads\/sites\/2\/2023\/05\/galeria2-UDLAP.jpg\" \/>\n\t<meta property=\"og:image:width\" content=\"600\" \/>\n\t<meta property=\"og:image:height\" content=\"400\" \/>\n\t<meta property=\"og:image:type\" content=\"image\/jpeg\" \/>\n<meta name=\"twitter:card\" content=\"summary_large_image\" \/>\n<meta name=\"twitter:label1\" content=\"Tiempo de lectura\" \/>\n\t<meta name=\"twitter:data1\" content=\"1 minuto\" \/>\n<script type=\"application\/ld+json\" class=\"yoast-schema-graph\">{\"@context\":\"https:\/\/schema.org\",\"@graph\":[{\"@type\":\"WebPage\",\"@id\":\"https:\/\/docs.udlap.mx\/blackboard\/\",\"url\":\"https:\/\/docs.udlap.mx\/blackboard\/\",\"name\":\"Ayuda de Blackboard - Ayuda de Blackboard\",\"isPartOf\":{\"@id\":\"https:\/\/docs.udlap.mx\/blackboard\/#website\"},\"datePublished\":\"2024-09-07T01:20:26+00:00\",\"dateModified\":\"2025-03-10T19:01:11+00:00\",\"description\":\"Te invitamos a conocer m\u00e1s sobre Blackboard Ultra como apoyo acad\u00e9mico a las actividades de los docentes de la UDLAP.\",\"breadcrumb\":{\"@id\":\"https:\/\/docs.udlap.mx\/blackboard\/#breadcrumb\"},\"inLanguage\":\"es\",\"potentialAction\":[{\"@type\":\"ReadAction\",\"target\":[\"https:\/\/docs.udlap.mx\/blackboard\/\"]}]},{\"@type\":\"BreadcrumbList\",\"@id\":\"https:\/\/docs.udlap.mx\/blackboard\/#breadcrumb\",\"itemListElement\":[{\"@type\":\"ListItem\",\"position\":1,\"name\":\"Inicio\",\"item\":\"https:\/\/docs.udlap.mx\/blackboard\/\"},{\"@type\":\"ListItem\",\"position\":2,\"name\":\"Ayuda de Blackboard\"}]},{\"@type\":\"WebSite\",\"@id\":\"https:\/\/docs.udlap.mx\/blackboard\/#website\",\"url\":\"https:\/\/docs.udlap.mx\/blackboard\/\",\"name\":\"Ayuda de Blackboard UDLAP\",\"description\":\"Sitio de apoyo para temas de Blackboard Ultra para acad\u00e9micos de la UDLAP\",\"publisher\":{\"@id\":\"https:\/\/docs.udlap.mx\/blackboard\/#organization\"},\"alternateName\":\"Ayuda de Blackboard UDLAP\",\"potentialAction\":[{\"@type\":\"SearchAction\",\"target\":{\"@type\":\"EntryPoint\",\"urlTemplate\":\"https:\/\/docs.udlap.mx\/blackboard\/?s={search_term_string}\"},\"query-input\":{\"@type\":\"PropertyValueSpecification\",\"valueRequired\":true,\"valueName\":\"search_term_string\"}}],\"inLanguage\":\"es\"},{\"@type\":\"Organization\",\"@id\":\"https:\/\/docs.udlap.mx\/blackboard\/#organization\",\"name\":\"Universidad de las Am\u00e9ricas Puebla\",\"alternateName\":\"UDLAP\",\"url\":\"https:\/\/docs.udlap.mx\/blackboard\/\",\"logo\":{\"@type\":\"ImageObject\",\"inLanguage\":\"es\",\"@id\":\"https:\/\/docs.udlap.mx\/blackboard\/#\/schema\/logo\/image\/\",\"url\":\"https:\/\/docs.udlap.mx\/blackboard\/wp-content\/uploads\/sites\/2\/2024\/08\/logo-UDLAP-WP.png\",\"contentUrl\":\"https:\/\/docs.udlap.mx\/blackboard\/wp-content\/uploads\/sites\/2\/2024\/08\/logo-UDLAP-WP.png\",\"width\":250,\"height\":53,\"caption\":\"Universidad de las Am\u00e9ricas Puebla\"},\"image\":{\"@id\":\"https:\/\/docs.udlap.mx\/blackboard\/#\/schema\/logo\/image\/\"}}]}<\/script>\n<!-- \/ Yoast SEO plugin. -->","yoast_head_json":{"title":"Ayuda de Blackboard - Ayuda de Blackboard","description":"Te invitamos a conocer m\u00e1s sobre Blackboard Ultra como apoyo acad\u00e9mico a las actividades de los docentes de la UDLAP.","robots":{"index":"index","follow":"follow","max-snippet":"max-snippet:-1","max-image-preview":"max-image-preview:large","max-video-preview":"max-video-preview:-1"},"canonical":"https:\/\/docs.udlap.mx\/blackboard\/","og_locale":"es_MX","og_type":"article","og_title":"Ayuda de Blackboard - Ayuda de Blackboard","og_description":"Te invitamos a conocer m\u00e1s sobre Blackboard Ultra como apoyo acad\u00e9mico a las actividades de los docentes de la UDLAP.","og_url":"https:\/\/docs.udlap.mx\/blackboard\/","og_site_name":"Ayuda de Blackboard","article_modified_time":"2025-03-10T19:01:11+00:00","og_image":[{"width":600,"height":400,"url":"https:\/\/docs.udlap.mx\/blackboard\/wp-content\/uploads\/sites\/2\/2023\/05\/galeria2-UDLAP.jpg","type":"image\/jpeg"}],"twitter_card":"summary_large_image","twitter_misc":{"Tiempo de lectura":"1 minuto"},"schema":{"@context":"https:\/\/schema.org","@graph":[{"@type":"WebPage","@id":"https:\/\/docs.udlap.mx\/blackboard\/","url":"https:\/\/docs.udlap.mx\/blackboard\/","name":"Ayuda de Blackboard - Ayuda de Blackboard","isPartOf":{"@id":"https:\/\/docs.udlap.mx\/blackboard\/#website"},"datePublished":"2024-09-07T01:20:26+00:00","dateModified":"2025-03-10T19:01:11+00:00","description":"Te invitamos a conocer m\u00e1s sobre Blackboard Ultra como apoyo acad\u00e9mico a las actividades de los docentes de la UDLAP.","breadcrumb":{"@id":"https:\/\/docs.udlap.mx\/blackboard\/#breadcrumb"},"inLanguage":"es","potentialAction":[{"@type":"ReadAction","target":["https:\/\/docs.udlap.mx\/blackboard\/"]}]},{"@type":"BreadcrumbList","@id":"https:\/\/docs.udlap.mx\/blackboard\/#breadcrumb","itemListElement":[{"@type":"ListItem","position":1,"name":"Inicio","item":"https:\/\/docs.udlap.mx\/blackboard\/"},{"@type":"ListItem","position":2,"name":"Ayuda de Blackboard"}]},{"@type":"WebSite","@id":"https:\/\/docs.udlap.mx\/blackboard\/#website","url":"https:\/\/docs.udlap.mx\/blackboard\/","name":"Ayuda de Blackboard UDLAP","description":"Sitio de apoyo para temas de Blackboard Ultra para acad\u00e9micos de la UDLAP","publisher":{"@id":"https:\/\/docs.udlap.mx\/blackboard\/#organization"},"alternateName":"Ayuda de Blackboard UDLAP","potentialAction":[{"@type":"SearchAction","target":{"@type":"EntryPoint","urlTemplate":"https:\/\/docs.udlap.mx\/blackboard\/?s={search_term_string}"},"query-input":{"@type":"PropertyValueSpecification","valueRequired":true,"valueName":"search_term_string"}}],"inLanguage":"es"},{"@type":"Organization","@id":"https:\/\/docs.udlap.mx\/blackboard\/#organization","name":"Universidad de las Am\u00e9ricas Puebla","alternateName":"UDLAP","url":"https:\/\/docs.udlap.mx\/blackboard\/","logo":{"@type":"ImageObject","inLanguage":"es","@id":"https:\/\/docs.udlap.mx\/blackboard\/#\/schema\/logo\/image\/","url":"https:\/\/docs.udlap.mx\/blackboard\/wp-content\/uploads\/sites\/2\/2024\/08\/logo-UDLAP-WP.png","contentUrl":"https:\/\/docs.udlap.mx\/blackboard\/wp-content\/uploads\/sites\/2\/2024\/08\/logo-UDLAP-WP.png","width":250,"height":53,"caption":"Universidad de las Am\u00e9ricas Puebla"},"image":{"@id":"https:\/\/docs.udlap.mx\/blackboard\/#\/schema\/logo\/image\/"}}]}},"_links":{"self":[{"href":"https:\/\/docs.udlap.mx\/blackboard\/wp-json\/wp\/v2\/pages\/77997","targetHints":{"allow":["GET"]}}],"collection":[{"href":"https:\/\/docs.udlap.mx\/blackboard\/wp-json\/wp\/v2\/pages"}],"about":[{"href":"https:\/\/docs.udlap.mx\/blackboard\/wp-json\/wp\/v2\/types\/page"}],"author":[{"embeddable":true,"href":"https:\/\/docs.udlap.mx\/blackboard\/wp-json\/wp\/v2\/users\/2"}],"replies":[{"embeddable":true,"href":"https:\/\/docs.udlap.mx\/blackboard\/wp-json\/wp\/v2\/comments?post=77997"}],"version-history":[{"count":12,"href":"https:\/\/docs.udlap.mx\/blackboard\/wp-json\/wp\/v2\/pages\/77997\/revisions"}],"predecessor-version":[{"id":78684,"href":"https:\/\/docs.udlap.mx\/blackboard\/wp-json\/wp\/v2\/pages\/77997\/revisions\/78684"}],"wp:attachment":[{"href":"https:\/\/docs.udlap.mx\/blackboard\/wp-json\/wp\/v2\/media?parent=77997"}],"curies":[{"name":"wp","href":"https:\/\/api.w.org\/{rel}","templated":true}]}}